{"id":623,"date":"2017-02-03T13:42:33","date_gmt":"2017-02-03T11:42:33","guid":{"rendered":"http:\/\/isostar.lvpress\/?post_type=product&#038;p=623"},"modified":"2026-03-01T07:31:04","modified_gmt":"2026-03-01T05:31:04","slug":"isostar-sporta-pudele-650ml-sudraba","status":"publish","type":"product","link":"https:\/\/v2.intervals.lv\/lv\/product\/isostar-sporta-pudele-650ml-sudraba\/","title":{"rendered":"Isostar sporta pudele 650ml Sudraba"},"content":{"rendered":"<p>Isostar sporta pudele sudraba ir ra\u017eota no augstv\u0113rt\u012bgas plastmasas. T\u0101 nodro\u0161ina \u013coti \u0113rtu lieto\u0161anu, ilgsto\u0161u un nemain\u012bgu kvalit\u0101ti. Ra\u017eots \u0160veic\u0113.<\/p>\n<p>Ra\u017eot\u0101ja m\u0101jaslapa: <a href=\"http:\/\/www.isostar.fr\">isostar.fr<\/a><\/p>\n","protected":false},"excerpt":{"rendered":"<p>Kvalitat\u012bva sporta pudele, ra\u017eota no augstv\u0113rt\u012bgas, dro\u0161i p\u0101rstr\u0101d\u0101jamas plastmasas. \u0112rta lieto\u0161anai treni\u0146u laik\u0101.<\/p>\n","protected":false},"featured_media":54930,"comment_status":"open","ping_status":"closed","template":"","meta":[],"product_brand":[944],"product_cat":[50],"product_tag":[],"class_list":{"0":"post-623","1":"product","2":"type-product","3":"status-publish","4":"has-post-thumbnail","6":"product_brand-isostar","7":"product_cat-prod-pudeles-un-aksesuari","8":"pa_pudeles-tilpums-650ml","10":"first","11":"instock","12":"shipping-taxable","13":"purchasable","14":"product-type-simple"},"composite_virtual":false,"composite_layout":"","composite_add_to_cart_form_location":"","composite_editable_in_cart":false,"composite_sold_individually_context":"","composite_shop_price_calc":"","composite_components":[],"composite_scenarios":[],"_links":{"self":[{"href":"https:\/\/v2.intervals.lv\/lv\/wp-json\/wp\/v2\/product\/623","targetHints":{"allow":["GET"]}}],"collection":[{"href":"https:\/\/v2.intervals.lv\/lv\/wp-json\/wp\/v2\/product"}],"about":[{"href":"https:\/\/v2.intervals.lv\/lv\/wp-json\/wp\/v2\/types\/product"}],"replies":[{"embeddable":true,"href":"https:\/\/v2.intervals.lv\/lv\/wp-json\/wp\/v2\/comments?post=623"}],"wp:featuredmedia":[{"embeddable":true,"href":"https:\/\/v2.intervals.lv\/lv\/wp-json\/wp\/v2\/media\/54930"}],"wp:attachment":[{"href":"https:\/\/v2.intervals.lv\/lv\/wp-json\/wp\/v2\/media?parent=623"}],"wp:term":[{"taxonomy":"product_brand","embeddable":true,"href":"https:\/\/v2.intervals.lv\/lv\/wp-json\/wp\/v2\/product_brand?post=623"},{"taxonomy":"product_cat","embeddable":true,"href":"https:\/\/v2.intervals.lv\/lv\/wp-json\/wp\/v2\/product_cat?post=623"},{"taxonomy":"product_tag","embeddable":true,"href":"https:\/\/v2.intervals.lv\/lv\/wp-json\/wp\/v2\/product_tag?post=623"}],"curies":[{"name":"wp","href":"https:\/\/api.w.org\/{rel}","templated":true}]}}