{"id":6458,"date":"2018-02-16T15:38:15","date_gmt":"2018-02-16T13:38:15","guid":{"rendered":"https:\/\/isostar.lv\/product\/pulveris-hydrate-perform-lemon-ecosize-1-5kg\/"},"modified":"2026-01-28T12:56:22","modified_gmt":"2026-01-28T10:56:22","slug":"isostar-hydrate-perform-ecosize-lemon-milteliai-1-5kg","status":"publish","type":"product","link":"https:\/\/v2.intervals.lv\/lv\/product\/isostar-hydrate-perform-ecosize-lemon-milteliai-1-5kg\/","title":{"rendered":"Isostar Hydrate &#038; Perform Ecosize Lemon milteliai 1.5kg"},"content":{"rendered":"\n<p><strong>Isostar Ecosize Hydrate &amp; Perform Lemon <\/strong>yra izotoninis elektrolit\u0173 g\u0117rimo milteliai, skirti sportininkui u\u017etikrinti reikiam\u0105 skys\u010di\u0173, energijos ir mikroelement\u0173 kiek\u012f prie\u0161, po ir kr\u016bvio metu organizme. Speciali izotonin\u0117 formul\u0117 u\u017etikrina greitesn\u012f skys\u010di\u0173 pasisavinim\u0105 organizme. Gerdami prie\u0161 kr\u016bv\u012f, u\u017etikrinsite reikalingas skys\u010di\u0173 atsargas.<\/p>\n\n\n\n<p>Skys\u010dio vartojimas kr\u016bvio metu pad\u0117s pagerinti atlikim\u0105 ir i\u0161tverm\u0119, suma\u017einant skrand\u017eio ir \u017earnyno problem\u0173 rizik\u0105. Vartojant produkt\u0105 po kr\u016bvio, u\u017etikrinsite geresn\u012f atsigavimo proces\u0105. Izotoninis g\u0117rimas, \u017einomas ir kaip elektrolit\u0173 ar energijos g\u0117rimas, yra puikus energijos ir mikroelement\u0173 \u0161altinis, ypa\u010d kalcis ir magnis \u2013 u\u017etikrina raumen\u0173 funkcij\u0105 kr\u016bvio ir atsigavimo metu. Jame gausu B1 vitamino doz\u0117s, u\u017etikrinan\u010dios maistini\u0173 med\u017eiag\u0173 pavertim\u0105 energija.<\/p>\n\n\n\n<p>Gamintojo svetain\u0117: <a href=\"http:\/\/www.isostar.fr\">isostar.fr<\/a><\/p>\n\n\n\n<div style=\"position:relative;max-width:800px;margin:0 auto 20px;\">\n  <a href=\"https:\/\/www.youtube.com\/watch?v=JWs0KrSN_qE\" target=\"_blank\" rel=\"noopener noreferrer\" style=\"display:block;position:relative;\">\n    <img decoding=\"async\" src=\"https:\/\/v2.intervals.lv\/wp-content\/uploads\/youtube-thumbnails\/JWs0KrSN_qE.jpg\" alt=\"Skat\u012bties video YouTube\" style=\"width:100%;height:auto;border-radius:8px;box-shadow:0 4px 12px rgba(0,0,0,0.15);\">\n    <div style=\"position:absolute;top:50%;left:50%;transform:translate(-50%,-50%);width:80px;height:80px;background:rgba(255,0,0,0.9);border-radius:50%;display:flex;align-items:center;justify-content:center;box-shadow:0 4px 12px rgba(0,0,0,0.3);\">\n      <div style=\"width:0;height:0;border-left:30px solid white;border-top:18px solid transparent;border-bottom:18px solid transparent;margin-left:8px;\"><\/div>\n    <\/div>\n  <\/a>\n<\/div>\n","protected":false},"excerpt":{"rendered":"<ul>\n<li>Angliavandeni\u0173 ir elektrolit\u0173 g\u0117rimas.<\/li>\n<li>Optimali k\u016bno hidratacija treniruo\u010di\u0173 ir var\u017eyb\u0173 metu.<\/li>\n<li>Be da\u017eikli\u0173.<\/li>\n<li>Nat\u016bralios kvapiosios med\u017eiagos.<\/li>\n<li>Sud\u0117tyje yra vitamin\u0173 C, B1.<\/li>\n<li>Sud\u0117tyje yra kalcio ir magnio.<\/li>\n<\/ul>\n","protected":false},"featured_media":40449,"comment_status":"open","ping_status":"closed","template":"","meta":[],"product_brand":[2100],"product_cat":[166,160],"product_tag":[],"class_list":{"0":"post-6458","1":"product","2":"type-product","3":"status-publish","4":"has-post-thumbnail","6":"product_brand-isostar-lt","7":"product_cat-izotoniniai-gerimai","8":"product_cat-greitos-energijos","9":"pa_garsa-citrinu","10":"pa_lietosanas-laiks-veikla","11":"pa_lietosanas-laiks-paruosimas","12":"pa_lietosanas-merkis-greita-energijos-lt","14":"first","15":"instock","16":"shipping-taxable","17":"purchasable","18":"product-type-simple"},"composite_virtual":false,"composite_layout":"","composite_add_to_cart_form_location":"","composite_editable_in_cart":false,"composite_sold_individually_context":"","composite_shop_price_calc":"","composite_components":[],"composite_scenarios":[],"_links":{"self":[{"href":"https:\/\/v2.intervals.lv\/lv\/wp-json\/wp\/v2\/product\/6458","targetHints":{"allow":["GET"]}}],"collection":[{"href":"https:\/\/v2.intervals.lv\/lv\/wp-json\/wp\/v2\/product"}],"about":[{"href":"https:\/\/v2.intervals.lv\/lv\/wp-json\/wp\/v2\/types\/product"}],"replies":[{"embeddable":true,"href":"https:\/\/v2.intervals.lv\/lv\/wp-json\/wp\/v2\/comments?post=6458"}],"wp:featuredmedia":[{"embeddable":true,"href":"https:\/\/v2.intervals.lv\/lv\/wp-json\/wp\/v2\/media\/40449"}],"wp:attachment":[{"href":"https:\/\/v2.intervals.lv\/lv\/wp-json\/wp\/v2\/media?parent=6458"}],"wp:term":[{"taxonomy":"product_brand","embeddable":true,"href":"https:\/\/v2.intervals.lv\/lv\/wp-json\/wp\/v2\/product_brand?post=6458"},{"taxonomy":"product_cat","embeddable":true,"href":"https:\/\/v2.intervals.lv\/lv\/wp-json\/wp\/v2\/product_cat?post=6458"},{"taxonomy":"product_tag","embeddable":true,"href":"https:\/\/v2.intervals.lv\/lv\/wp-json\/wp\/v2\/product_tag?post=6458"}],"curies":[{"name":"wp","href":"https:\/\/api.w.org\/{rel}","templated":true}]}}