{"id":695,"date":"2017-02-08T14:24:40","date_gmt":"2017-02-08T12:24:40","guid":{"rendered":"http:\/\/isostar.lvpress\/?post_type=product&#038;p=695"},"modified":"2026-03-01T07:32:37","modified_gmt":"2026-03-01T05:32:37","slug":"pulveris-mass-gainer-vanilla-700g","status":"publish","type":"product","link":"https:\/\/v2.intervals.lv\/lv\/product\/pulveris-mass-gainer-vanilla-700g\/","title":{"rendered":"Isostar Mass Gainer Vanilla 700g"},"content":{"rendered":"<p><strong>Isostar Mass Gainer<\/strong> pulveris ar vani\u013cas gar\u0161u ir paredz\u0113ts prote\u012bna dz\u0113riena pagatavo\u0161anai. T\u0101 pamat\u0101 ir 24% piena olbaltums ar augstu biolo\u0123isko v\u0113rt\u012bbu un 67% og\u013chidr\u0101tiem. Lietojams muskulat\u016bras att\u012bst\u012b\u0161anas slod\u017eu laik\u0101, k\u0101 ar\u012b p\u0113c slodz\u0113m. Tas nodro\u0161ina musku\u013cu sp\u0113ka \u00a0pieaugumu un piedal\u0101s musku\u013cu masas palielin\u0101\u0161an\u0101. Sast\u0101v\u0101 eso\u0161ie <abbr class=\"c2c-text-hover\" title=\"\" data-hasqtip=\"0\">og\u013chidr\u0101ti<\/abbr> nodro\u0161ina nepiecie\u0161amo sp\u0113ku un ener\u0123iju slodzes laik\u0101. P\u0113c slodzes, prote\u012bna dz\u0113riens nodro\u0161ina optim\u0101lu musku\u013cu atjauno\u0161anos.<\/p>\n<p>Prote\u012bna dz\u0113riens ir bag\u0101t\u012bgs ar vitam\u012bniem \u2013 E, C, B6, B1, B2 (riboflav\u012bns) un PP (niac\u012bns) un miner\u0101lviel\u0101m. <abbr class=\"c2c-text-hover\" title=\"\" data-hasqtip=\"1\">Kalcijs<\/abbr>\u00a0nodro\u0161ina optim\u0101lu musku\u013cu darb\u012bbu, pateicoties t\u0101 iesaistei musku\u013cu kontrakciju proces\u0101. Vitam\u012bni C, B2, PP un B6 un\u00a0<abbr class=\"c2c-text-hover\" title=\"\" data-hasqtip=\"2\">magnijs<\/abbr>\u00a0pal\u012bdz mazin\u0101t nesp\u0113ku un nogurumu. Magnijam ir vit\u0101la noz\u012bme glikog\u0113na p\u0101rv\u0113r\u0161an\u0101 par glikozi, kas ir galvenais ener\u0123ijas avots slodzes laik\u0101.\u00a0<abbr class=\"c2c-text-hover\" title=\"\" data-hasqtip=\"3\">Vitam\u012bns B2<\/abbr>\u00a0un\u00a0<abbr class=\"c2c-text-hover\" title=\"\" data-hasqtip=\"4\">vitam\u012bns B6<\/abbr>\u00a0ir iesaist\u012bti sarkano asins\u0137ermen\u012b\u0161u veido\u0161an\u0101 un tie nodro\u0161ina optim\u0101lu sk\u0101bek\u013ca pieg\u0101di musku\u013ciem.\u00a0<abbr class=\"c2c-text-hover\" title=\"\" data-hasqtip=\"5\">Vitam\u012bns B6<\/abbr>\u00a0uzlabo prote\u012bna un glikog\u0113na metabolisma procesus.\u00a0<abbr class=\"c2c-text-hover\" title=\"\" data-hasqtip=\"6\">Vitam\u012bns E<\/abbr>\u00a0ir antioksidants, kas aizsarg\u0101 organisma \u0161\u016bnas no br\u012bvo radik\u0101\u013cu ietekmes.<\/p>\n<p>Lietot Isostar Mass Gainer prote\u012bna dz\u0113rienu k\u0101 papildin\u0101jumu vesel\u012bgam dz\u012bvesveidam un sabalans\u0113tam uzturam.<\/p>\n<p>M\u016bsdien\u012bg\u0101ks iepakojums \u0113rt\u0101kai lieto\u0161anai un dz\u0113riena pagatavo\u0161anai.<\/p>\n<p><strong>ISOSTAR Clean Engagement\u00a0<\/strong>simbols garant\u0113\u00a0<strong>\u2013<\/strong>\u00a0produkts nesatur neat\u013cautas vielas, produkts tiek regul\u0101ri p\u0101rbaud\u012bts un analiz\u0113ts neatkar\u012bg\u0101s laboratorij\u0101s, produktu ra\u017eo\u0161an\u0101 tiek izmantotas tikai<strong>\u00a0<\/strong>p\u0101rtikas sast\u0101vda\u013cas, dabai draudz\u012bgs iepakojums.<\/p>\n<p>Ra\u017eot\u0101ja m\u0101jaslapa: <a href=\"http:\/\/www.isostar.fr\">www.isostar.fr<\/a><\/p>\n","protected":false},"excerpt":{"rendered":"<ul>\n<li>Prote\u012bnu dz\u0113riens paredz\u0113ts lieto\u0161anai gan slodzes laik\u0101, gan p\u0113c t\u0101s.<\/li>\n<li>Satur <strong>kalciju<\/strong>, kas nodro\u0161ina optim\u0101lu musku\u013cu darb\u012bbu, pateicoties t\u0101 iesaistei musku\u013cu kontrakciju proces\u0101.<\/li>\n<li>Satur <strong>magniju, <\/strong>kas pal\u012bdz mazin\u0101t nogurumu un nesp\u0113ku &#8211; magnijam ir vit\u0101la noz\u012bme glikog\u0113na p\u0101rv\u0113r\u0161an\u0101 par glikozi, kas ir galvenais ener\u0123ijas avots slodzes laik\u0101.<\/li>\n<li>M\u016bsdien\u012bg\u0101ks iepakojums \u0113rt\u0101kai lieto\u0161anai un dz\u0113riena pagatavo\u0161anai.<\/li>\n<li>Bag\u0101t\u012bgs vitam\u012bnu avots &#8211; satur E, C, B6, B1, B2, PP vitam\u012bnus.<\/li>\n<li><strong>ISOSTAR Clean Engagement <\/strong>simbols garant\u0113 <strong>&#8211;<\/strong> produkts nesatur neat\u013cautas vielas, produkts tiek regul\u0101ri p\u0101rbaud\u012bts un analiz\u0113ts neatkar\u012bg\u0101s laboratorij\u0101s,\u00a0 produktu ra\u017eo\u0161an\u0101 tiek izmantotas tikai<strong>\u00a0<\/strong>p\u0101rtikas sast\u0101vda\u013cas, dabai draudz\u012bgs iepakojums.<\/li>\n<\/ul>\n","protected":false},"featured_media":54983,"comment_status":"open","ping_status":"closed","template":"","meta":[],"product_brand":[944],"product_cat":[62,13],"product_tag":[],"class_list":{"0":"post-695","1":"product","2":"type-product","3":"status-publish","4":"has-post-thumbnail","6":"product_brand-isostar","7":"product_cat-prod-proteina-dzerieni","8":"product_cat-muskuliem-un-fitnesam","9":"pa_citi-ar-proteinu","10":"pa_garsa-vanilas","11":"pa_lietosanas-laiks-laika","12":"pa_lietosanas-laiks-pec","13":"pa_lietosanas-merkis-muskuliem-fitnesam","15":"first","16":"instock","17":"shipping-taxable","18":"purchasable","19":"product-type-simple"},"composite_virtual":false,"composite_layout":"","composite_add_to_cart_form_location":"","composite_editable_in_cart":false,"composite_sold_individually_context":"","composite_shop_price_calc":"","composite_components":[],"composite_scenarios":[],"_links":{"self":[{"href":"https:\/\/v2.intervals.lv\/lv\/wp-json\/wp\/v2\/product\/695","targetHints":{"allow":["GET"]}}],"collection":[{"href":"https:\/\/v2.intervals.lv\/lv\/wp-json\/wp\/v2\/product"}],"about":[{"href":"https:\/\/v2.intervals.lv\/lv\/wp-json\/wp\/v2\/types\/product"}],"replies":[{"embeddable":true,"href":"https:\/\/v2.intervals.lv\/lv\/wp-json\/wp\/v2\/comments?post=695"}],"wp:featuredmedia":[{"embeddable":true,"href":"https:\/\/v2.intervals.lv\/lv\/wp-json\/wp\/v2\/media\/54983"}],"wp:attachment":[{"href":"https:\/\/v2.intervals.lv\/lv\/wp-json\/wp\/v2\/media?parent=695"}],"wp:term":[{"taxonomy":"product_brand","embeddable":true,"href":"https:\/\/v2.intervals.lv\/lv\/wp-json\/wp\/v2\/product_brand?post=695"},{"taxonomy":"product_cat","embeddable":true,"href":"https:\/\/v2.intervals.lv\/lv\/wp-json\/wp\/v2\/product_cat?post=695"},{"taxonomy":"product_tag","embeddable":true,"href":"https:\/\/v2.intervals.lv\/lv\/wp-json\/wp\/v2\/product_tag?post=695"}],"curies":[{"name":"wp","href":"https:\/\/api.w.org\/{rel}","templated":true}]}}