{"id":9970,"date":"2019-05-03T11:41:05","date_gmt":"2019-05-03T09:41:05","guid":{"rendered":"https:\/\/isostar.lv\/?post_type=product&#038;p=9970"},"modified":"2025-08-01T11:16:48","modified_gmt":"2025-08-01T09:16:48","slug":"isostar-sporta-batonini-x-60","status":"publish","type":"product","link":"https:\/\/v2.intervals.lv\/lv\/product\/isostar-sporta-batonini-x-60\/","title":{"rendered":"Isostar sporta batoni\u0146i x 60"},"content":{"rendered":"<p>ISOSTAR sporta batoni\u0146i piem\u0113roti sportistu vajadz\u012bb\u0101m lieto\u0161anai pirms treni\u0146iem vai sacens\u012bb\u0101m, to laik\u0101 vai p\u0113c. Sporta batoni\u0146i ir bag\u0101tin\u0101ti ar vitam\u012bniem, k\u0101 vitam\u012bns B1, B2, PP, B6, C un E un miner\u0101lviel\u0101m, k\u0101 k\u0101lijs un kalcijs, sniedzot sportista organismam nepiecie\u0161amo ener\u0123iju slodzes laik\u0101. Batoni\u0146\u0161 ir ar\u012b lielisks \u0113dienreizes aizvietot\u0101js pirms treni\u0146iem un tiem ir lieliska gar\u0161a. Isostar pied\u0101v\u0101 batoni\u0146us da\u017e\u0101d\u0101m sportistu vajadz\u012bb\u0101m \u2013 \u0101trai ener\u0123ijai vai lai atjaunotos p\u0113c fiziskas slodzes, vai lai pal\u012bdz\u0113tu uztur\u0113t vai palielin\u0101t musku\u013cu masu.<\/p>\n<h4 style=\"text-align: justify;\"><strong>Energy Banana 40g<\/strong><\/h4>\n<p>Batoni\u0146\u0161 ar ban\u0101nu gar\u0161u &#8211; satur vienk\u0101r\u0161o un salikto og\u013chidr\u0101tu kompleksu, kas nodro\u0161ina ener\u0123iju intens\u012bvu un ilgsto\u0161u slod\u017eu laik\u0101. Tie ir bag\u0101t\u012bgi ar vitam\u012bnu B1, vitam\u012bnu B2, vitam\u012bnu PP, vitam\u012bnu C un vitam\u012bnu E, kas pal\u012bdz bar\u012bbas vielas p\u0101rstr\u0101d\u0101t ener\u0123ij\u0101 un pasarg\u0101 \u0161\u016bnas no br\u012bvo radik\u0101\u013cu ietekmes. To sast\u0101v\u0101 ir zems lip\u012bdu daudzums, kas uzlabo uzs\u016bk\u0161an\u0101s \u0101trumu.<\/p>\n<h4 style=\"text-align: justify;\"><strong>Energy Cereals and Chocolate 35g<\/strong><\/h4>\n<p>Batoni\u0146\u0161 ar graudu un \u0161okol\u0101des gar\u0161u &#8211; satur vienk\u0101r\u0161o un salikto og\u013chidr\u0101tu mais\u012bjumu, kas intens\u012bvas un ilgsto\u0161as slodzes laik\u0101 nodro\u0161ina \u0101tru ener\u0123ijas asimil\u0101ciju un og\u013chidr\u0101tu atjauno\u0161anu. Vitam\u012bns B1 un vitam\u012bns PP nodro\u0161ina labu ener\u0123ijas metabolismu. Vitam\u012bns C, vitam\u012bns B2, vitam\u012bns B6 un vitam\u012bns PP pal\u012bdz samazin\u0101t nogurumu.<\/p>\n<h4><strong>Energy Raisin Cranberry 40g<\/strong><\/h4>\n<p>Batoni\u0146\u0161 ar roz\u012b\u0146u un dz\u0113rve\u0146u gar\u0161u &#8211; satur vienk\u0101r\u0161o un salikto og\u013chidr\u0101tu kompleksu, kas nodro\u0161ina ener\u0123iju intens\u012bvu un ilgsto\u0161u slod\u017eu laik\u0101. Tie ir bag\u0101t\u012bgi ar vitam\u012bnu B1, vitam\u012bnu B2, vitam\u012bnu PP, vitam\u012bnu C un vitam\u012bnu E, kas pal\u012bdz bar\u012bbas vielas p\u0101rstr\u0101d\u0101t ener\u0123ij\u0101, k\u0101 ar\u012b pasarg\u0101 \u0161\u016bnas no br\u012bvo radik\u0101\u013cu ietekmes. To sast\u0101v\u0101 ir zems lip\u012bdu daudzums, kas uzlabo uzs\u016bk\u0161an\u0101s \u0101trumu.<\/p>\n<h4 style=\"text-align: justify;\"><strong>High Protein 25 Strawberry 35g<\/strong><\/h4>\n<p>Batoni\u0146\u0161 ar zeme\u0146u gar\u0161u &#8211; \u012bpa\u0161i piem\u0113rots atjauno\u0161an\u0101s procesu veicin\u0101\u0161anai. T\u0101 sast\u0101v\u0101 eso\u0161\u0101s olbaltumvielas (25%) pal\u012bdz saglab\u0101t un atjaunot musku\u013cus p\u0113c intens\u012bv\u0101m slodz\u0113m. Og\u013chidr\u0101ti pal\u012bdz atjaunot izt\u0113r\u0113t\u0101s glikog\u0113na rezerves. Batoni\u0146\u0161 satur ar\u012b slodzes laik\u0101 izt\u0113r\u0113tos vitam\u012bnus. Vitam\u012bns B1, vitam\u012bns B6 un vitam\u012bns PP ir nepiecie\u0161ami, lai organisms p\u0101rv\u0113rstu bar\u012bbas vielas ener\u0123ij\u0101, vitam\u012bns B2 un vitam\u012bns B6 ir iesaist\u012btie sarkano asins\u0137ermen\u012b\u0161u veido\u0161an\u0101. Tie ir atbild\u012bgi par sk\u0101bek\u013ca pieg\u0101di musku\u013ciem. Vitam\u012bns B6 ir nepiecie\u0161ams olbaltumvielu un glikog\u0113na metabolism\u0101. Vitam\u012bns C un vitam\u012bns E ir antioksidanti, kas aizsarg\u0101 organisma \u0161\u016bnas no br\u012bvo radik\u0101\u013cu iedarb\u012bbas<\/p>\n<h3 style=\"text-align: justify;\"><strong>Reload Chocolate 40g<\/strong><\/h3>\n<p>Batoni\u0146\u0161 ar \u0161okol\u0101des gar\u0161u &#8211; speci\u0101li izstr\u0101d\u0101ts, lai optimiz\u0113tu atjauno\u0161an\u0101s procesu sportistiem, it \u012bpa\u0161i p\u0113c iztur\u012bbas sporta veidiem. T\u0101 sast\u0101v\u0101 eso\u0161\u0101s olbaltumvielas (25%) pal\u012bdz saglab\u0101t un atjaunot musku\u013cu apjomu. Og\u013chidr\u0101ti pal\u012bdz atjaunot izt\u0113r\u0113t\u0101s glikog\u0113na rezerves. Batoni\u0146\u0101 eso\u0161ie vitam\u012bni un miner\u0101lvielas kompens\u0113 to zudumus, kuri radu\u0161ies sv\u012b\u0161anas laik\u0101, akt\u012bvi sportojot. Vitam\u012bns B1, vitam\u012bns B2, vitam\u012bns B6 un vitam\u012bns PP \u00a0ir nepiecie\u0161ami, lai organisms p\u0101rv\u0113rstu bar\u012bbas vielas ener\u0123ij\u0101, vitam\u012bns B2 un vitam\u012bns B6 \u00a0ir iesaist\u012bti sarkano asins\u0137ermen\u012b\u0161u veido\u0161an\u0101. Tie ir atbild\u012bgi par sk\u0101bek\u013ca pieg\u0101di musku\u013ciem. Vitam\u012bns B6 ir nepiecie\u0161ams olbaltumvielu un glikog\u0113na metabolism\u0101. Vitam\u012bns C un vitam\u012bns<strong>\u00a0<\/strong>E ir antioksidanti, kas aizsarg\u0101 organisma \u0161\u016bnas no br\u012bvo radik\u0101\u013cu iedarb\u012bbas.<\/p>\n<p>Ra\u017eot\u0101ja m\u0101jaslapa: <a href=\"http:\/\/www.isostar.fr\">isostar.fr<\/a><\/p>\n","protected":false},"excerpt":{"rendered":"<p>ISOSTAR sporta batoni\u0146i piem\u0113roti sportistu vajadz\u012bb\u0101m lieto\u0161anai pirms treni\u0146iem vai sacens\u012bb\u0101m, to laik\u0101 vai p\u0113c. Sporta batoni\u0146i ir bag\u0101tin\u0101ti ar vitam\u012bniem, k\u0101 vitam\u012bns B1, B2, PP, B6, C un E un miner\u0101lviel\u0101m, k\u0101 k\u0101lijs un kalcijs, sniedzot sportista organismam nepiecie\u0161amo ener\u0123iju slodzes laik\u0101. Batoni\u0146\u0161 ir ar\u012b lielisks \u0113dienreizes aizvietot\u0101js pirms treni\u0146iem un tiem ir lieliska gar\u0161a. Isostar pied\u0101v\u0101 batoni\u0146us da\u017e\u0101d\u0101m sportistu vajadz\u012bb\u0101m \u2013 \u0101trai ener\u0123ijai vai lai atjaunotos p\u0113c fiziskas slodzes, vai lai pal\u012bdz\u0113tu uztur\u0113t vai palielin\u0101t musku\u013cu masu.<\/p>\n<p><strong>Komplekt\u0101 ietilpst 60 batoni\u0146i p\u0113c J\u016bsu izv\u0113les &#8211; varat tos kombin\u0113t p\u0113c vajadz\u012bbas, gan izv\u0113loties vair\u0101kus vien\u0101dus, gan da\u017e\u0101dus batoni\u0146us.<\/strong><\/p>\n<p>Pieejamie batoni\u0146u veidi:<br \/>\n&#8211; Batoni\u0146\u0161 Energy Multifruits 40g<br \/>\n&#8211; Batoni\u0146\u0161 Energy Banana 40g<br \/>\n&#8211; Batoni\u0146\u0161 Energy Chocolate 35g<br \/>\n&#8211; Batoni\u0146\u0161 Energy Raisin Cranberry 40g<br \/>\n&#8211; Batoni\u0146\u0161 High Protein 25 Strawberry 35g<br \/>\n&#8211; Batoni\u0146\u0161 High Protein 25 Hazelnut 35g<br \/>\n&#8211; Batoni\u0146\u0161 High Protein 25 Joghurt 35g<br \/>\n&#8211; Batoni\u0146\u0161 Reload Chocolate 40g<\/p>\n","protected":false},"featured_media":87992,"comment_status":"open","ping_status":"closed","template":"","meta":[],"product_brand":[944],"product_cat":[409,97,340,23],"product_tag":[],"class_list":{"0":"post-9970","1":"product","2":"type-product","3":"status-publish","4":"has-post-thumbnail","6":"product_brand-isostar","7":"product_cat-outlet","8":"product_cat-komplekti","9":"product_cat-perc-vairuma","10":"product_cat-batonini","12":"first","13":"instock","14":"sale","15":"shipping-taxable","16":"purchasable","17":"product-type-composite"},"composite_virtual":false,"composite_layout":"paged-componentized","composite_add_to_cart_form_location":"after_summary","composite_editable_in_cart":true,"composite_sold_individually_context":"product","composite_shop_price_calc":"min_max","composite_components":[{"id":"1502192077","title":"1","description":"","query_type":"product_ids","query_ids":[597,598,599,600,31837,37405,41793,41803],"default_option_id":597,"thumbnail_id":40938,"thumbnail_src":"https:\/\/v2.intervals.lv\/wp-content\/uploads\/2019\/05\/Artboard-42.png","quantity_min":10,"quantity_max":10,"priced_individually":false,"shipped_individually":false,"optional":false,"discount":30,"options_style":"thumbnails","pagination_style":"classic","display_prices":"absolute","show_sorting_options":false,"show_filtering_options":false,"attribute_filter_ids":[],"select_action":"transition","product_title_visible":true,"product_descr_visible":true,"product_price_visible":true,"product_thumb_visible":true,"subtotal_visible_product":true,"subtotal_visible_cart":true,"subtotal_visible_orders":true},{"id":"1502192078","title":"2","description":"","query_type":"product_ids","query_ids":[597,598,599,600,31837,37405,41793,41803],"default_option_id":598,"thumbnail_id":40938,"thumbnail_src":"https:\/\/v2.intervals.lv\/wp-content\/uploads\/2019\/05\/Artboard-42.png","quantity_min":10,"quantity_max":10,"priced_individually":false,"shipped_individually":false,"optional":false,"discount":30,"options_style":"thumbnails","pagination_style":"classic","display_prices":"absolute","show_sorting_options":false,"show_filtering_options":false,"attribute_filter_ids":[],"select_action":"transition","product_title_visible":true,"product_descr_visible":true,"product_price_visible":true,"product_thumb_visible":true,"subtotal_visible_product":true,"subtotal_visible_cart":true,"subtotal_visible_orders":true},{"id":"1502193505","title":"3","description":"","query_type":"product_ids","query_ids":[597,598,599,600,31837,37405,41793,41803],"default_option_id":599,"thumbnail_id":40938,"thumbnail_src":"https:\/\/v2.intervals.lv\/wp-content\/uploads\/2019\/05\/Artboard-42.png","quantity_min":10,"quantity_max":10,"priced_individually":false,"shipped_individually":false,"optional":false,"discount":30,"options_style":"thumbnails","pagination_style":"classic","display_prices":"absolute","show_sorting_options":false,"show_filtering_options":false,"attribute_filter_ids":[],"select_action":"transition","product_title_visible":true,"product_descr_visible":true,"product_price_visible":true,"product_thumb_visible":true,"subtotal_visible_product":true,"subtotal_visible_cart":true,"subtotal_visible_orders":true},{"id":"1502193506","title":"4","description":"","query_type":"product_ids","query_ids":[597,598,599,600,31837,37405,41793,41803],"default_option_id":600,"thumbnail_id":40938,"thumbnail_src":"https:\/\/v2.intervals.lv\/wp-content\/uploads\/2019\/05\/Artboard-42.png","quantity_min":10,"quantity_max":10,"priced_individually":false,"shipped_individually":false,"optional":false,"discount":30,"options_style":"thumbnails","pagination_style":"classic","display_prices":"absolute","show_sorting_options":false,"show_filtering_options":false,"attribute_filter_ids":[],"select_action":"transition","product_title_visible":true,"product_descr_visible":true,"product_price_visible":true,"product_thumb_visible":true,"subtotal_visible_product":true,"subtotal_visible_cart":true,"subtotal_visible_orders":true},{"id":"1502193507","title":"5","description":"","query_type":"product_ids","query_ids":[597,598,599,600,31837,37405,41793,41803],"default_option_id":31837,"thumbnail_id":40938,"thumbnail_src":"https:\/\/v2.intervals.lv\/wp-content\/uploads\/2019\/05\/Artboard-42.png","quantity_min":10,"quantity_max":10,"priced_individually":false,"shipped_individually":false,"optional":false,"discount":30,"options_style":"thumbnails","pagination_style":"classic","display_prices":"absolute","show_sorting_options":false,"show_filtering_options":false,"attribute_filter_ids":[],"select_action":"transition","product_title_visible":true,"product_descr_visible":true,"product_price_visible":true,"product_thumb_visible":true,"subtotal_visible_product":true,"subtotal_visible_cart":true,"subtotal_visible_orders":true},{"id":"1565620187","title":"6","description":"","query_type":"product_ids","query_ids":[597,598,599,600,31837,41793,41803,37405],"default_option_id":37405,"thumbnail_id":40938,"thumbnail_src":"https:\/\/v2.intervals.lv\/wp-content\/uploads\/2019\/05\/Artboard-42.png","quantity_min":10,"quantity_max":10,"priced_individually":false,"shipped_individually":false,"optional":false,"discount":30,"options_style":"thumbnails","pagination_style":"classic","display_prices":"absolute","show_sorting_options":false,"show_filtering_options":false,"attribute_filter_ids":[],"select_action":"transition","product_title_visible":true,"product_descr_visible":true,"product_price_visible":true,"product_thumb_visible":true,"subtotal_visible_product":true,"subtotal_visible_cart":true,"subtotal_visible_orders":true}],"composite_scenarios":[],"_links":{"self":[{"href":"https:\/\/v2.intervals.lv\/lv\/wp-json\/wp\/v2\/product\/9970","targetHints":{"allow":["GET"]}}],"collection":[{"href":"https:\/\/v2.intervals.lv\/lv\/wp-json\/wp\/v2\/product"}],"about":[{"href":"https:\/\/v2.intervals.lv\/lv\/wp-json\/wp\/v2\/types\/product"}],"replies":[{"embeddable":true,"href":"https:\/\/v2.intervals.lv\/lv\/wp-json\/wp\/v2\/comments?post=9970"}],"wp:featuredmedia":[{"embeddable":true,"href":"https:\/\/v2.intervals.lv\/lv\/wp-json\/wp\/v2\/media\/87992"}],"wp:attachment":[{"href":"https:\/\/v2.intervals.lv\/lv\/wp-json\/wp\/v2\/media?parent=9970"}],"wp:term":[{"taxonomy":"product_brand","embeddable":true,"href":"https:\/\/v2.intervals.lv\/lv\/wp-json\/wp\/v2\/product_brand?post=9970"},{"taxonomy":"product_cat","embeddable":true,"href":"https:\/\/v2.intervals.lv\/lv\/wp-json\/wp\/v2\/product_cat?post=9970"},{"taxonomy":"product_tag","embeddable":true,"href":"https:\/\/v2.intervals.lv\/lv\/wp-json\/wp\/v2\/product_tag?post=9970"}],"curies":[{"name":"wp","href":"https:\/\/api.w.org\/{rel}","templated":true}]}}