{"id":99969,"date":"2023-11-21T11:04:37","date_gmt":"2023-11-21T09:04:37","guid":{"rendered":"https:\/\/intervals.lv\/?post_type=product&#038;p=99969"},"modified":"2025-08-01T11:03:24","modified_gmt":"2025-08-01T09:03:24","slug":"isostar-pulveris-after-sport-reload-x-3","status":"publish","type":"product","link":"https:\/\/v2.intervals.lv\/lv\/product\/isostar-pulveris-after-sport-reload-x-3\/","title":{"rendered":"Isostar pulveris After Sport Reload x 3"},"content":{"rendered":"<p><strong>Isostar pulveris After Sport Reload <\/strong>ir paredz\u0113ts atjaunojo\u0161a dz\u0113riena pagatavo\u0161anai. Pulvera sast\u0101v\u0101 eso\u0161ie og\u013chidr\u0101ti pal\u012bdz nodro\u0161in\u0101t organisma atjauno\u0161an\u0101s procesus p\u0113c slodzes. Atjauno\u0161an\u0101s dz\u0113riens ir lielisks vitam\u012bnu B1, vitam\u012bnu B2, vitam\u012bnu B6, vitam\u012bnu C, vitam\u012bnu E un vitam\u012bnu PP, k\u0101 ar\u012b kalcija un magnija avots. Kalcijs un magnijs nodro\u0161ina optim\u0101lu musku\u013cu funkcion\u0113\u0161anu. Vitam\u012bns B2, vitam\u012bns PP, vitam\u012bns B6, vitam\u012bns C un magnijs pal\u012bdz samazin\u0101t nogurumu. Antidopinga garantija. Test\u0113ta un p\u0101rbaud\u012bta formula. Lietot k\u0101 papildin\u0101jumu sabalans\u0113tam uzturam un vesel\u012bgam dz\u012bvesveidam.<br \/>\nViens iepakojums: 450g<\/p>\n<p>Ra\u017eot\u0101ja m\u0101jaslapa: <a href=\"http:\/\/www.isostar.fr\">isostar.fr<\/a><\/p>\n","protected":false},"excerpt":{"rendered":"<ul>\n<li>Olbaltumvielu atjauno\u0161an\u0101s dz\u0113riens p\u0113c fizisk\u0101m slodz\u0113m<\/li>\n<li>Lietot 30min-3h p\u0113c fiziskas slodzes.<\/li>\n<li>Og\u013chidr\u0101ti pal\u012bdz nodro\u0161in\u0101t organisma atjauno\u0161an\u0101s procesus.<\/li>\n<li>Olbaltumvielas (<strong>20%<\/strong>) pal\u012bdz uztur\u0113t musku\u013cu masu.<\/li>\n<li>Satur bag\u0101t\u012bgu vitam\u012bnu devu, kas ir iesaist\u012bti noguruma mazin\u0101\u0161an\u0101 &#8211; <strong>B1, B2, B6, C, E, PP<\/strong>.<\/li>\n<li>Satur <strong>kalciju<\/strong> un <strong>magniju<\/strong>.<\/li>\n<li>Viens iepakojums: 450g<\/li>\n<\/ul>\n<p>Komplekt\u0101 ietilpst 3 After Sport Reload pulvera iepakojumi.<\/p>\n","protected":false},"featured_media":99973,"comment_status":"open","ping_status":"closed","template":"","meta":[],"product_brand":[944],"product_cat":[409,97,340,12,14],"product_tag":[],"class_list":{"0":"post-99969","1":"product","2":"type-product","3":"status-publish","4":"has-post-thumbnail","6":"product_brand-isostar","7":"product_cat-outlet","8":"product_cat-komplekti","9":"product_cat-perc-vairuma","10":"product_cat-sagat-atjaunosanas-prod","11":"product_cat-merkis-organisma-stiprinasana","12":"pa_citi-ar-proteinu","13":"pa_lietosanas-laiks-pec","14":"pa_lietosanas-merkis-organisma-stiprinasanai","16":"first","17":"instock","18":"sale","19":"shipping-taxable","20":"purchasable","21":"product-type-composite"},"composite_virtual":false,"composite_layout":"paged-componentized","composite_add_to_cart_form_location":"after_summary","composite_editable_in_cart":true,"composite_sold_individually_context":"product","composite_shop_price_calc":"min_max","composite_components":[{"id":"1751030903","title":"1","description":"","query_type":"product_ids","query_ids":[630],"default_option_id":630,"thumbnail_id":"","thumbnail_src":"","quantity_min":3,"quantity_max":3,"priced_individually":false,"shipped_individually":false,"optional":false,"discount":"","options_style":"dropdowns","pagination_style":"classic","display_prices":"absolute","show_sorting_options":false,"show_filtering_options":false,"attribute_filter_ids":[],"select_action":"view","product_title_visible":true,"product_descr_visible":true,"product_price_visible":true,"product_thumb_visible":true,"subtotal_visible_product":true,"subtotal_visible_cart":true,"subtotal_visible_orders":true}],"composite_scenarios":[],"_links":{"self":[{"href":"https:\/\/v2.intervals.lv\/lv\/wp-json\/wp\/v2\/product\/99969","targetHints":{"allow":["GET"]}}],"collection":[{"href":"https:\/\/v2.intervals.lv\/lv\/wp-json\/wp\/v2\/product"}],"about":[{"href":"https:\/\/v2.intervals.lv\/lv\/wp-json\/wp\/v2\/types\/product"}],"replies":[{"embeddable":true,"href":"https:\/\/v2.intervals.lv\/lv\/wp-json\/wp\/v2\/comments?post=99969"}],"wp:featuredmedia":[{"embeddable":true,"href":"https:\/\/v2.intervals.lv\/lv\/wp-json\/wp\/v2\/media\/99973"}],"wp:attachment":[{"href":"https:\/\/v2.intervals.lv\/lv\/wp-json\/wp\/v2\/media?parent=99969"}],"wp:term":[{"taxonomy":"product_brand","embeddable":true,"href":"https:\/\/v2.intervals.lv\/lv\/wp-json\/wp\/v2\/product_brand?post=99969"},{"taxonomy":"product_cat","embeddable":true,"href":"https:\/\/v2.intervals.lv\/lv\/wp-json\/wp\/v2\/product_cat?post=99969"},{"taxonomy":"product_tag","embeddable":true,"href":"https:\/\/v2.intervals.lv\/lv\/wp-json\/wp\/v2\/product_tag?post=99969"}],"curies":[{"name":"wp","href":"https:\/\/api.w.org\/{rel}","templated":true}]}}