{"id":99970,"date":"2023-11-21T11:04:37","date_gmt":"2023-11-21T09:04:37","guid":{"rendered":"https:\/\/intervals.lv\/?post_type=product&#038;p=99970"},"modified":"2025-06-27T13:28:10","modified_gmt":"2025-06-27T11:28:10","slug":"isostar-pulber-after-sport-reload-x-3","status":"publish","type":"product","link":"https:\/\/v2.intervals.lv\/lv\/product\/isostar-pulber-after-sport-reload-x-3\/","title":{"rendered":"Isostar pulber After Sport Reload x 3"},"content":{"rendered":"<p>\u0160okolaadimaitseline pulber <strong>Isostar After Sport Reload Chocolate<\/strong> on m\u00f5eldud taastumisjoogi valmistamiseks. Selles sisalduvad s\u00fcsivesikud aitavad kaasa keha taastumisprotsessidele p\u00e4rast treeningut. Taastumisjoogi koostises olevad valgud (20%) aitavad s\u00e4ilitada lihasmassi. See on suurep\u00e4rane B1-, B2-, B6-, C-, E- ja PP-vitamiini ning kaltsiumi ja magneesiumi allikas. Kaltsium ja magneesium tagavad lihaste optimaalse funktsioneerimise. B2-, PP-, B6- ja C-vitamiin aitavad leevendada v\u00e4simust. Dopinguvastane garantii. Testitud ja kinnitatud koostis.<\/p>\n<p>Tootja veebisait: <a href=\"http:\/\/www.isostar.fr\">isostar.fr<\/a><\/p>\n","protected":false},"excerpt":{"rendered":"<ul>\n<li>Valgujook taastumiseks p\u00e4rast treeningut.<\/li>\n<li>Kasutage 30 minutit kuni 3 tundi p\u00e4rast treeningut.<\/li>\n<li>S\u00fcsivesikud aitavad kaasa keha taastumisprotsessile.<\/li>\n<li>Valgud (20%) aitavad s\u00e4ilitada lihasmassi.<\/li>\n<li>Sisaldab rikkalikult B1-, B2-, B6-, C-, E- ja PP-vitamiini, mis osalevad v\u00e4simuse leevendamisel.<\/li>\n<li>Sisaldab kaltsiumi ja magneesiumi.<\/li>\n<li>\u00dcks pakk: 450 g.<\/li>\n<\/ul>\n<p>Komplekt sisaldab 3 pakendit After Sport Reload pulbrit.<\/p>\n","protected":false},"featured_media":99975,"comment_status":"open","ping_status":"closed","template":"","meta":[],"product_brand":[2102],"product_cat":[469,460,461,475,467],"product_tag":[],"class_list":{"0":"post-99970","1":"product","2":"type-product","3":"status-publish","4":"has-post-thumbnail","6":"product_brand-isostar-ee","7":"product_cat-outlet-et","8":"product_cat-komplektid","9":"product_cat-ostke-hulgi","10":"product_cat-ettevalmistus-ja-taastamine","11":"product_cat-organismi-tugevdamine","12":"pa_citi-valguga","13":"pa_lietosanas-laiks-enne","14":"pa_lietosanas-merkis-organisma-stiprinasanai-et","16":"first","17":"instock","18":"sale","19":"shipping-taxable","20":"purchasable","21":"product-type-composite"},"composite_virtual":false,"composite_layout":"paged-componentized","composite_add_to_cart_form_location":"after_summary","composite_editable_in_cart":true,"composite_sold_individually_context":"product","composite_shop_price_calc":"min_max","composite_components":[{"id":"1751030903","title":"1","description":"","query_type":"product_ids","query_ids":[30933],"default_option_id":30933,"thumbnail_id":"","thumbnail_src":"","quantity_min":3,"quantity_max":3,"priced_individually":false,"shipped_individually":false,"optional":false,"discount":"","options_style":"dropdowns","pagination_style":"classic","display_prices":"absolute","show_sorting_options":false,"show_filtering_options":false,"attribute_filter_ids":[],"select_action":"view","product_title_visible":true,"product_descr_visible":true,"product_price_visible":true,"product_thumb_visible":true,"subtotal_visible_product":true,"subtotal_visible_cart":true,"subtotal_visible_orders":true}],"composite_scenarios":[],"_links":{"self":[{"href":"https:\/\/v2.intervals.lv\/lv\/wp-json\/wp\/v2\/product\/99970","targetHints":{"allow":["GET"]}}],"collection":[{"href":"https:\/\/v2.intervals.lv\/lv\/wp-json\/wp\/v2\/product"}],"about":[{"href":"https:\/\/v2.intervals.lv\/lv\/wp-json\/wp\/v2\/types\/product"}],"replies":[{"embeddable":true,"href":"https:\/\/v2.intervals.lv\/lv\/wp-json\/wp\/v2\/comments?post=99970"}],"wp:featuredmedia":[{"embeddable":true,"href":"https:\/\/v2.intervals.lv\/lv\/wp-json\/wp\/v2\/media\/99975"}],"wp:attachment":[{"href":"https:\/\/v2.intervals.lv\/lv\/wp-json\/wp\/v2\/media?parent=99970"}],"wp:term":[{"taxonomy":"product_brand","embeddable":true,"href":"https:\/\/v2.intervals.lv\/lv\/wp-json\/wp\/v2\/product_brand?post=99970"},{"taxonomy":"product_cat","embeddable":true,"href":"https:\/\/v2.intervals.lv\/lv\/wp-json\/wp\/v2\/product_cat?post=99970"},{"taxonomy":"product_tag","embeddable":true,"href":"https:\/\/v2.intervals.lv\/lv\/wp-json\/wp\/v2\/product_tag?post=99970"}],"curies":[{"name":"wp","href":"https:\/\/api.w.org\/{rel}","templated":true}]}}